{"id":914,"date":"2022-10-06T10:39:30","date_gmt":"2022-10-06T10:39:30","guid":{"rendered":"http:\/\/vidreisern.com\/?page_id=914"},"modified":"2024-05-15T09:14:22","modified_gmt":"2024-05-15T09:14:22","slug":"politica-de-privacidad","status":"publish","type":"page","link":"https:\/\/vidreisern.com\/es\/politica-de-privacidad\/","title":{"rendered":"Pol\u00edtica de privacidad"},"content":{"rendered":"\t\t<div data-elementor-type=\"wp-page\" data-elementor-id=\"914\" class=\"elementor elementor-914\" data-elementor-post-type=\"page\">\n\t\t\t\t\t\t<section class=\"elementor-section elementor-top-section elementor-element elementor-element-50b7d53 elementor-section-boxed elementor-section-height-default elementor-section-height-default\" data-id=\"50b7d53\" data-element_type=\"section\" data-settings=\"{&quot;background_background&quot;:&quot;classic&quot;}\">\n\t\t\t\t\t\t<div class=\"elementor-container elementor-column-gap-default\">\n\t\t\t\t\t<div class=\"elementor-column elementor-col-100 elementor-top-column elementor-element elementor-element-50ebe12\" data-id=\"50ebe12\" data-element_type=\"column\">\n\t\t\t<div class=\"elementor-widget-wrap elementor-element-populated\">\n\t\t\t\t\t\t\t<\/div>\n\t\t<\/div>\n\t\t\t\t\t<\/div>\n\t\t<\/section>\n\t\t\t\t<section class=\"elementor-section elementor-top-section elementor-element elementor-element-ea5d238 elementor-section-boxed elementor-section-height-default elementor-section-height-default\" data-id=\"ea5d238\" data-element_type=\"section\">\n\t\t\t\t\t\t<div class=\"elementor-container elementor-column-gap-default\">\n\t\t\t\t\t<div class=\"elementor-column elementor-col-100 elementor-top-column elementor-element elementor-element-5092154\" data-id=\"5092154\" data-element_type=\"column\">\n\t\t\t<div class=\"elementor-widget-wrap elementor-element-populated\">\n\t\t\t\t\t\t<div class=\"elementor-element elementor-element-95f5aba elementor-widget elementor-widget-text-editor\" data-id=\"95f5aba\" data-element_type=\"widget\" data-widget_type=\"text-editor.default\">\n\t\t\t\t<div class=\"elementor-widget-container\">\n\t\t\t<style>\/*! elementor - v3.21.0 - 08-05-2024 *\/\n.elementor-widget-text-editor.elementor-drop-cap-view-stacked .elementor-drop-cap{background-color:#69727d;color:#fff}.elementor-widget-text-editor.elementor-drop-cap-view-framed .elementor-drop-cap{color:#69727d;border:3px solid;background-color:transparent}.elementor-widget-text-editor:not(.elementor-drop-cap-view-default) .elementor-drop-cap{margin-top:8px}.elementor-widget-text-editor:not(.elementor-drop-cap-view-default) .elementor-drop-cap-letter{width:1em;height:1em}.elementor-widget-text-editor .elementor-drop-cap{float:left;text-align:center;line-height:1;font-size:50px}.elementor-widget-text-editor .elementor-drop-cap-letter{display:inline-block}<\/style>\t\t\t\t<p>De conformidad con lo establecido en el Reglamento (UE) 2016\/679 del Parlamento Europeo y del Consejo, de 27 de abril de 2016, relativo a la protecci\u00f3n de las personas f\u00edsicas en lo que respecta al tratamiento de datos personales y a la libre circulaci\u00f3n de estos datos (RGPD) y la Ley Org\u00e1nica 3\/2018, de 5 de diciembre, de Protecci\u00f3n de Datos Personales y garant\u00eda de los derechos digitales (LOPD-GDD) a continuaci\u00f3n se proceder\u00e1 a informar acerca del tratamiento de datos asociado al uso del presente sitio web https:\/\/vidreisern.com\/<br><\/p>\n<h4>\nResponsable.<\/h4>\n<p>Comercial Del Vidre Isern S.L. (Vidre Isern).<br>NIF: B65592115<br>Direcci\u00f3n: C\/ Vapor 60 Pol. Ind. La Ferreria, 08110 Montcada I Reixac<br>Tel\u00e9fono de contacto: 628726066<br>Email de contacto: info@vidreisern.com<br><\/p>\n<h4>\n\u00bfCon car\u00e1cter general con que finalidad trataremos sus datos personales?<\/h4>\n<p>Atender la solicitud de informaci\u00f3n requerida a trav\u00e9s del apartado \u201cContacto\u201d de la Web.<br><\/p>\n<h4>\n\u00bfCu\u00e1l es la legitimaci\u00f3n para el tratamiento de sus datos?<\/h4>\n<p>Para atender la solicitud de informaci\u00f3n requerida a trav\u00e9s del apartado \u00abContacto\u00bb de la Web. El consentimiento manifestado a partir del requerimiento enviado.<br><\/p>\n<h4>\n\u00bfQu\u00e9 ocurre si no facilito los datos solicitados?<\/h4>\n<p>La negativa a facilitar todos los datos identificativos y de contacto se\u00f1alados como obligatorios podr\u00eda suponer la imposibilidad de acceder al servicio o responder a sus solicitudes.<br><\/p>\n<h4>\n\u00bfD\u00f3nde obtenemos sus datos?<\/h4>\n<p>Los datos que vayamos a tratar son los que nos pueda ir facilitando usted a lo largo de nuestra relaci\u00f3n. En el presente sitio web, los datos identificativos facilitados a trav\u00e9s del sitio web.<br><\/p>\n<h4>\n\u00bfA qu\u00e9 destinatarios se comunicar\u00e1n sus datos?<\/h4>\n<p>Con car\u00e1cter general, no est\u00e1 prevista la comunicaci\u00f3n de sus datos a terceros. Las \u00fanicas comunicaciones que, podr\u00edan llevarse a cabo ser\u00edan las legalmente establecidas o las imprescindibles para atender a sus demandas, solicitudes o prestaci\u00f3n de servicios solicitados.<br><br>Al margen de lo referido anteriormente, podr\u00edan tener acceso a sus datos, terceros, Encargados del Tratamiento.<br><\/p>\n<h4>\n\u00bfPor cu\u00e1nto tiempo conservaremos sus datos?<\/h4>\n<p>Por lo general, los datos proporcionados se conservar\u00e1n, durante el tiempo que resulte necesario, para cada una de las finalidades a las que se destinen los datos o hasta que usted no requiera lo contrario.<br>Categor\u00edas de datos personales<br>Las categor\u00edas de datos que se tratan en Vidre Isern son \u00fanicamente datos identificativos. En ning\u00fan caso, se tratan categor\u00edas especiales de datos personales en el sentido del art\u00edculo 9 del RGPD.<br><\/p>\n<h4>\n\u00bfCu\u00e1les son sus derechos cuando nos facilita sus datos?<\/h4>\n<p>En tanto en cuanto Vidre Isern trate sus datos personales, usted tiene derecho a solicitar:<br><br><\/p>\n<ul>\n<li>Acceso.- El interesado tendr\u00e1 derecho a obtener del responsable del tratamiento confirmaci\u00f3n de si se est\u00e1n tratando o no los datos que le conciernan, as\u00ed como informaci\u00f3n detallada acerca de determinados aspectos del tratamiento que se est\u00e9 llevando a cabo.<\/li>\n<li>Rectificaci\u00f3n.- El interesado tendr\u00e1 derecho a obtener la rectificaci\u00f3n de los datos personales inexactos que le conciernan o que se completen aquellos que fueran incompletos.<\/li>\n<li>Supresi\u00f3n.- El interesado tendr\u00e1 derecho a solicitar la supresi\u00f3n de sus datos personales, en todo caso al supresi\u00f3n estar\u00e1 sujeta a los l\u00edmites establecidos en la norma reguladora.<\/li>\n<li>Limitaci\u00f3n de su tratamiento.- El interesado tendr\u00e1 derecho a solicitar la limitaci\u00f3n respecto al tratamiento de sus datos de car\u00e1cter personal<\/li>\n<li>Oposici\u00f3n al tratamiento.- En determinadas circunstancias y por motivos relacionados con su situaci\u00f3n particular, los interesados podr\u00e1n oponerse al tratamiento de sus datos. ETNIA dejar\u00e1 de tratar los datos, salvo por motivos leg\u00edtimos, imperiosos, o el ejercicio o la defensa de posibles reclamaciones.<\/li>\n<li>Derecho a la portabilidad de sus datos.- Es decir tendr\u00e1 derecho a recibir los datos personales que le incumban, que haya facilitado a un responsable del tratamiento, en un formato estructurado, de uso com\u00fan y lectura mec\u00e1nica y a transmitirlos a otro responsable del tratamiento.<br><br><\/li>\n<\/ul>\n<p>Los referidos derechos podr\u00e1n ser ejercidos mediante solicitud escrita y firmada dirigida a Vidre Isern utilizando los datos de contacto facilitados al inicio del presente documento.<br><\/p>\n<h4>\nTutela de las autoridades de control.<\/h4>\n<ul>\n<li>En caso que lo creyera oportuno puede requerir la tutela de la Agencia Espa\u00f1ola de Protecci\u00f3n de Datos presentando la correspondiente reclamaci\u00f3n. www.agpd.es. C\/ Jorge Juan n\u00ba 6 28001 Madrid.<\/li>\n<\/ul>\n<h4>\nMedidas de seguridad.<\/h4>\n<p>Vidre Isern se compromete a adoptar las medidas t\u00e9cnicas y organizativas necesarias, seg\u00fan el nivel de seguridad adecuado al riesgo de los datos recogidos, de forma que se garantice la seguridad de los datos de car\u00e1cter personal y se evite la destrucci\u00f3n, p\u00e9rdida o alteraci\u00f3n accidental o il\u00edcita de datos personales transmitidos, conservados o tratados de otra forma, o la comunicaci\u00f3n o acceso no autorizados a dichos datos.<br><br>El Sitio Web cuenta con un certificado SSL (Secure Socket Layer), que asegura que los datos personales se transmiten de forma segura y confidencial, al ser la transmisi\u00f3n de los datos entre el servidor y el Usuario, y en retroalimentaci\u00f3n, totalmente cifrada o encriptada.<br><br>Sin embargo, debido a que Vidre Isern no puede garantizar la inexpugabilidad de internet ni la ausencia total de hackers u otros que accedan de modo fraudulento a los datos personales, el Responsable del tratamiento se compromete a comunicar al Usuario sin dilaci\u00f3n indebida cuando ocurra una violaci\u00f3n de la seguridad de los datos personales que sea probable que entra\u00f1e un alto riesgo para los derechos y libertades de las personas f\u00edsicas. Siguiendo lo establecido en el art\u00edculo 4 del RGPD, se entiende por violaci\u00f3n de la seguridad de los datos personales toda violaci\u00f3n de la seguridad que ocasione la destrucci\u00f3n, p\u00e9rdida o alteraci\u00f3n accidental o il\u00edcita de datos personales transmitidos, conservados o tratados de otra forma, o la comunicaci\u00f3n o acceso no autorizados a dichos datos.<br><br>Los datos personales ser\u00e1n tratados como confidenciales por el Responsable del tratamiento, quien se compromete a informar de y a garantizar por medio de una obligaci\u00f3n legal o contractual que dicha confidencialidad sea respetada por sus empleados, asociados, y toda persona a la cual le haga accesible la informaci\u00f3n.<br><br><\/p>\n<p><i>      Abril 2024.<\/i><\/p>\t\t\t\t\t\t<\/div>\n\t\t\t\t<\/div>\n\t\t\t\t\t<\/div>\n\t\t<\/div>\n\t\t\t\t\t<\/div>\n\t\t<\/section>\n\t\t\t\t<\/div>\n\t\t","protected":false},"excerpt":{"rendered":"<p>De conformidad con lo establecido en el Reglamento (UE) 2016\/679 del Parlamento Europeo y del Consejo, de 27 de abril de 2016, relativo a la protecci\u00f3n de las personas f\u00edsicas en lo que respecta al tratamiento de datos personales y a la libre circulaci\u00f3n de estos datos (RGPD) y la Ley Org\u00e1nica 3\/2018, de 5 [&hellip;]<\/p>\n","protected":false},"author":1,"featured_media":0,"parent":0,"menu_order":0,"comment_status":"closed","ping_status":"closed","template":"","meta":{"inline_featured_image":false,"footnotes":""},"_links":{"self":[{"href":"https:\/\/vidreisern.com\/es\/wp-json\/wp\/v2\/pages\/914"}],"collection":[{"href":"https:\/\/vidreisern.com\/es\/wp-json\/wp\/v2\/pages"}],"about":[{"href":"https:\/\/vidreisern.com\/es\/wp-json\/wp\/v2\/types\/page"}],"author":[{"embeddable":true,"href":"https:\/\/vidreisern.com\/es\/wp-json\/wp\/v2\/users\/1"}],"replies":[{"embeddable":true,"href":"https:\/\/vidreisern.com\/es\/wp-json\/wp\/v2\/comments?post=914"}],"version-history":[{"count":16,"href":"https:\/\/vidreisern.com\/es\/wp-json\/wp\/v2\/pages\/914\/revisions"}],"predecessor-version":[{"id":1151,"href":"https:\/\/vidreisern.com\/es\/wp-json\/wp\/v2\/pages\/914\/revisions\/1151"}],"wp:attachment":[{"href":"https:\/\/vidreisern.com\/es\/wp-json\/wp\/v2\/media?parent=914"}],"curies":[{"name":"wp","href":"https:\/\/api.w.org\/{rel}","templated":true}]}}